{"id":28,"date":"2023-05-04T20:10:53","date_gmt":"2023-05-04T20:10:53","guid":{"rendered":"https:\/\/naturwunderbar.ch\/?page_id=28"},"modified":"2023-05-04T20:10:53","modified_gmt":"2023-05-04T20:10:53","slug":"ueber-uns","status":"publish","type":"page","link":"https:\/\/naturwunderbar.ch\/?page_id=28","title":{"rendered":"\u00dcber uns"},"content":{"rendered":"\n<p>Auf unseren Streifz\u00fcgen durch die Natur haben wir uns immer wieder von der Vielf\u00e4ltigkeit und den Naturwundern begeistern lassen. Sei es einfach nur der L\u00f6wenzahn mit seiner sonnigen Bl\u00fctenfarbe oder die Kornelkirsche mit dem intensiv leuchtenden Rot.<\/p>\n\n\n\n<p>Sancha begleitet uns stets auf unseren Touren durch Wald und Wiese. Filou liebt im Sommer die k\u00fchlenden Verstecke und beobachtet aus sicherer Distanz.<\/p>\n\n\n\n<p>Wenn sich die Natur zur\u00fcckgezogen hat sind wir trotzdem draussen unterwegs und lassen uns von der Winterpracht inspirieren und lassen unsere Gedanken neue Ideen nachgehen.<\/p>\n","protected":false},"excerpt":{"rendered":"<p>Auf unseren Streifz\u00fcgen durch die Natur haben wir uns immer wieder von der Vielf\u00e4ltigkeit und den Naturwundern begeistern lassen. Sei es einfach nur der L\u00f6wenzahn mit seiner sonnigen Bl\u00fctenfarbe oder die Kornelkirsche mit dem intensiv leuchtenden Rot. Sancha begleitet uns stets auf unseren Touren durch Wald und Wiese. Filou liebt im Sommer die k\u00fchlenden Verstecke [&hellip;]<\/p>\n","protected":false},"author":1,"featured_media":0,"parent":0,"menu_order":0,"comment_status":"closed","ping_status":"closed","template":"","meta":{"zakra_page_container_layout":"customizer","zakra_page_sidebar_layout":"customizer","zakra_remove_content_margin":false,"zakra_sidebar":"customizer","zakra_transparent_header":"customizer","zakra_logo":0,"zakra_main_header_style":"default","zakra_menu_item_color":"","zakra_menu_item_hover_color":"","zakra_menu_item_active_color":"","zakra_menu_active_style":"","zakra_page_header":true,"footnotes":""},"class_list":["post-28","page","type-page","status-publish","hentry"],"_links":{"self":[{"href":"https:\/\/naturwunderbar.ch\/index.php?rest_route=\/wp\/v2\/pages\/28","targetHints":{"allow":["GET"]}}],"collection":[{"href":"https:\/\/naturwunderbar.ch\/index.php?rest_route=\/wp\/v2\/pages"}],"about":[{"href":"https:\/\/naturwunderbar.ch\/index.php?rest_route=\/wp\/v2\/types\/page"}],"author":[{"embeddable":true,"href":"https:\/\/naturwunderbar.ch\/index.php?rest_route=\/wp\/v2\/users\/1"}],"replies":[{"embeddable":true,"href":"https:\/\/naturwunderbar.ch\/index.php?rest_route=%2Fwp%2Fv2%2Fcomments&post=28"}],"version-history":[{"count":1,"href":"https:\/\/naturwunderbar.ch\/index.php?rest_route=\/wp\/v2\/pages\/28\/revisions"}],"predecessor-version":[{"id":30,"href":"https:\/\/naturwunderbar.ch\/index.php?rest_route=\/wp\/v2\/pages\/28\/revisions\/30"}],"wp:attachment":[{"href":"https:\/\/naturwunderbar.ch\/index.php?rest_route=%2Fwp%2Fv2%2Fmedia&parent=28"}],"curies":[{"name":"wp","href":"https:\/\/api.w.org\/{rel}","templated":true}]}}